{"id":698,"date":"2024-10-01T09:03:59","date_gmt":"2024-10-01T09:03:59","guid":{"rendered":"https:\/\/rombach-stage.muscloud.de\/?page_id=698"},"modified":"2024-10-01T11:45:17","modified_gmt":"2024-10-01T11:45:17","slug":"agb","status":"publish","type":"page","link":"https:\/\/www.geruestbau-rombach.de\/?page_id=698","title":{"rendered":"AGB"},"content":{"rendered":"<div  class='flex_column av-b8t2i-88549f5542fc3741a2f983d67a91b7ac av_one_full  avia-builder-el-0  avia-builder-el-no-sibling  first flex_column_div  '     ><p>\n<style type=\"text\/css\" data-created_by=\"avia_inline_auto\" id=\"style-css-av-m1q7ehy5-86c303cfaf0bd43c2f0deab3fcc700c3\">\n#top .av-special-heading.av-m1q7ehy5-86c303cfaf0bd43c2f0deab3fcc700c3{\npadding-bottom:10px;\n}\nbody .av-special-heading.av-m1q7ehy5-86c303cfaf0bd43c2f0deab3fcc700c3 .av-special-heading-tag .heading-char{\nfont-size:25px;\n}\n.av-special-heading.av-m1q7ehy5-86c303cfaf0bd43c2f0deab3fcc700c3 .av-subheading{\nfont-size:15px;\n}\n<\/style>\n<div  class='av-special-heading av-m1q7ehy5-86c303cfaf0bd43c2f0deab3fcc700c3 av-special-heading-h1  avia-builder-el-1  el_before_av_textblock  avia-builder-el-first '><h1 class='av-special-heading-tag '  itemprop=\"headline\"  >AGB<\/h1><div class=\"special-heading-border\"><div class=\"special-heading-inner-border\"><\/div><\/div><\/div><br \/>\n<section  class='av_textblock_section av-m1q7ojjy-634de8f10afad0701c621cc4b713a461 '   itemscope=\"itemscope\" itemtype=\"https:\/\/schema.org\/CreativeWork\" ><div class='avia_textblock'  itemprop=\"text\" ><h3>Allgemeine Miet- und Montage-Bedingungen f\u00fcr den Ger\u00fcstbau<\/h3>\n<ol>\n<li><strong>Geltung der Bedingungen und Vertragsabschluss<\/strong>\n<ol>\n<li>F\u00fcr die Abwicklung der uns erteilten Auftr\u00e4ge gelten ausschlie\u00dflich die nachstehenden Bedingungen. Abweichende Allgemeine Bedingungen des Bestellers werden auch dann nicht Vertragsinhalt, wenn wir ihnen nicht ausdr\u00fccklich widersprechen. Von der Auftragsbest\u00e4tigung oder diesen Bedingungen abweichende Vereinbarungen und Nebenabreden sind nur rechtsverbindlich, wenn sie von uns schriftlich best\u00e4tigt werden.<\/li>\n<li>Unsere Angebote sind freibleibend. Alle Vertr\u00e4ge werden f\u00fcr uns erst mit unserer Auftragsbest\u00e4tigung bindend. Die Angebotsunterlagen bleiben unser Eigentum. F\u00fcr den Inhalt des Vertrages ist unsere Auftragsbest\u00e4tigung endg\u00fcltig ma\u00dfgebend, wenn ihr der Besteller nicht binnen drei Tagen nach ihrem Eingang schriftlich widerspricht.<\/li>\n<\/ol>\n<\/li>\n<li><strong>Preisstellung<\/strong>\n<ol>\n<li>Sofern im Vertrage nichts anderes bestimmt ist, werden unsere Leistungen mit den im Vertrage genannten Preisen nach Aufma\u00df abgerechnet. Mit dem Preis wird eine Vorhaltezeit von bis zu 4 Wochen abgegolten: f\u00fcr jede weitere angefangene Woche Vorhaltezeit werden mindestens 10% des Preises berechnet.<\/li>\n<li>Das Aufma\u00df wird von der Standfl\u00e4che des Ger\u00fcstes bis 2 Meter \u00fcber der obersten Arbeitsb\u00fchne unter Ausschluss der eingeschobenen Leiterteile genommen, bei R\u00fcstungen auf D\u00e4chern, Balkonen usw. wird bis zum Erdboden (Stra\u00dfe bzw. Standh\u00f6he LKW) durchgemessen.<\/li>\n<li>Bei den Stahlrohrger\u00fcsten wird mit dem Grundpreis regelm\u00e4\u00dfig der Quadratmeter der einger\u00fcsteten Fl\u00e4che abgegolten. Diese Fl\u00e4che wird horizontal in der gr\u00f6\u00dften Abwicklung des einzur\u00fcstenden Geb\u00e4udes oder Geb\u00e4udeteiles und vertikal von der Standfl\u00e4che des Ger\u00fcstes bis zur Oberkante des einzur\u00fcstenden Geb\u00e4udes oder Geb\u00e4udeteiles gemessen.<\/li>\n<li>F\u00fcr die Ausf\u00fchrung, Gebrauchs\u00fcberlassung und Abrechnung, insbesondere f\u00fcr die Verg\u00fctung von Besonderen Leistungen, gilt die Allgemeine Technische Vertragsbedingung \u201eGer\u00fcstarbeiten\u201c DIN 18451.<\/li>\n<li>Wird von Seiten des Auftraggebers der Abbruch der Ger\u00fcste nachtr\u00e4glich in mehreren Teilabschnitten gefordert, so bedingen diese zus\u00e4tzliche Kosten f\u00fcr die mehrmalige Anfahrt.<\/li>\n<\/ol>\n<\/li>\n<li><strong>Vorhaltezeit<\/strong>\n<ol>\n<li>Die Vorhaltezeit beginnt mit dem Zeitpunkt, f\u00fcr den die Benutzbarkeit des Ger\u00fcstes vereinbart wurde.<\/li>\n<li>Die Vorhaltezeit endet mit dem Abbau des Ger\u00fcstes, sp\u00e4testens jedoch f\u00fcnf Arbeitstage nach Eingang der schriftlichen Anzeige des Bestellers \u00fcber die Freigabe des Ger\u00fcstes.<\/li>\n<li>Bei Ger\u00fcstbauten, die mit dem Neubau wachsen, sowie bei Umr\u00fcstungen und Teilabr\u00fcstungen wird die Vorhaltezeit f\u00fcr jede Baustufe gesondert berechnet.<\/li>\n<li>Wir bem\u00fchen uns, zugesagte Auf- und Abbautermine einzuhalten. Gelingt das in Einzelf\u00e4llen nicht, dann bleiben Anspr\u00fcche des Bestellers wegen Verzugsschaden ausgeschlossen.<\/li>\n<\/ol>\n<\/li>\n<li><strong>Benutzung der Ger\u00fcste<\/strong>\n<ol>\n<li>Die Ger\u00fcste d\u00fcrfen nur f\u00fcr den im Vertrag festgelegten Verwendungszweck gebraucht werden, dabei sind die Anforderungen der Normen DIN EN 12811, DIN EN 12810 und DIN 4420 Teil 1 ma\u00dfgeblich. Insbesondere sind die Vorschriften der Ger\u00fcstordnung \u00fcber die H\u00f6chstbelastung genau einzuhalten. Dem Besteller ist es untersagt, konstruktive \u00c4nderungen an dem Ger\u00fcst vorzunehmen, Ger\u00fcstteile eigenm\u00e4chtig ab- oder umzur\u00fcsten oder Verankerungen des Ger\u00fcstes zu beseitigen; Zuwiderhandlungen entbinden uns von der Verantwortung f\u00fcr daraus entstehende Folgen. Bei fahrbaren Ger\u00fcsten ist f\u00fcr ebene und tragf\u00e4hige Fahrbahn zu sorgen; w\u00e4hrend des Verschiebens d\u00fcrfen sich keine Personen auf dem Ger\u00fcst befinden.<\/li>\n<li>Der Besteller nimmt das Ger\u00fcst w\u00e4hrend der Vorhaltezeit in seine Obhut und ist f\u00fcr pflegliche Behandlung, Erhaltung und ordnungsgem\u00e4\u00dfe Benutzung des Ger\u00fcstes verantwortlich.<\/li>\n<li>Der Abbau des Ger\u00fcstes darf nur durch uns vorgenommen werden.<\/li>\n<li>Entstehen aus der Verletzung der vorstehenden Benutzungsbestimmungen Sch\u00e4den oder Ersatzanspr\u00fcche Dritter gegen uns, so hat der Besteller uns Ersatz zu leisten oder uns von den Ersatzanspr\u00fcchen freizustellen.<\/li>\n<\/ol>\n<\/li>\n<li><strong>R\u00fcckgabepflicht<\/strong>\n<ul style=\"list-style-type:none;\">\n<li>Der Besteller hat das Ger\u00fcst rechtzeitig zum Abbruch frei zu melden, ferner hat er das Ger\u00fcst mit allen Einrichtungen nach Beendigung der Vorhaltezeit vollst\u00e4ndig, unbesch\u00e4digt und besenrein zur\u00fcckzugeben. Er steht f\u00fcr alle w\u00e4hrend der Vorhaltezeit eingetretenen Sch\u00e4den und Verluste an Ger\u00fcstmaterial ein, es sei denn, dass wir selbst die Sch\u00e4den oder Verluste zu vertreten haben.<\/li>\n<\/ul>\n<\/li>\n<li><strong>Verantwortung<\/strong>\n<ol>\n<li>Mit der \u00dcbernahme einer Montage \u00fcbernehmen wir die Verantwortung f\u00fcr die einwandfreie Ausf\u00fchrung, jedoch nur nach den Angaben des Bestellers. Er hat uns alle f\u00fcr die technisch einwandfreie Konstruktion und Ausf\u00fchrung erforderlichen Daten, Unterlagen und Hinweise zu geben.<\/li>\n<li>F\u00fcr die Standfestigkeit nicht von uns errichteter Bauteile oder Einrichtungen sowie f\u00fcr die Tragf\u00e4higkeit des Baugrundes tr\u00e4gt der Besteller die allgemeine Verantwortung.<\/li>\n<li>Sollten durch von uns zu vertretende Fehler unserer Leistung oder durch Handlungen unserer Hilfspersonen bei den Montagearbeiten, f\u00fcr die wir einzutreten haben, Sch\u00e4den oder Ersatzanspr\u00fcche Dritter entstehen, so haften wir bis zu einer H\u00f6he von insgesamt 200.000,- Euro f\u00fcr Personensch\u00e4den und 30.000,- Euro f\u00fcr Sachsch\u00e4den aus jedem zu vertretenden Schadensfall. \u00dcberschreiten die Ersatzanspr\u00fcche diesen Betrag, dann werden die Anspr\u00fcche des Bestellers in der Weise gek\u00fcrzt, dass insgesamt f\u00fcr uns nur eine Belastung bis zur H\u00f6he dieser Betr\u00e4ge entsteht. Alle weitergehenden Anspr\u00fcche sind ausgeschlossen.<\/li>\n<\/ol>\n<\/li>\n<li><strong>Sch\u00e4den an einzur\u00fcstenden Sachen<\/strong>\n<ol>\n<li>F\u00fcr Sch\u00e4den, die beim Aufbau, der Benutzung oder beim Abbau des Ger\u00fcstes an Sachen entstehen, die einzur\u00fcsten sind oder sich in unmittelbarer N\u00e4he des Ger\u00fcstes oder der Wege zum Ger\u00fcst befinden, haften wir nur, wenn uns oder unseren Leuten grobe Fahrl\u00e4ssigkeit bei der Entstehung des Schadens zur Last f\u00e4llt. Das gilt z: B. f\u00fcr Sch\u00e4den an Ziegeln, Dachhaut oder Glas von D\u00e4chern, Kaminen, Antennen, Fenstern, Neonleuchten, sonstige Au\u00dfenlampen, Reklameschildern, Verankerungsmitteln, Blumenk\u00e4sten sowie Gartenanlagen in Vorg\u00e4rten etc.<\/li>\n<li><strong data-rich-text-format-boundary=\"true\">Jede Ersatzpflicht ist ausgeschlossen, wenn uns Sch\u00e4den an Fensterscheiben und Beleuchtungsanlagen nicht sofort, an sonstigen Gegenst\u00e4nden binnen drei Tagen nach ihrer Entstehung schriftlich angezeigt werden.<\/strong><\/li>\n<\/ol>\n<\/li>\n<li><strong>Zahlungsbedingungen<\/strong>\n<ul style=\"list-style-type:none;\">\n<li>Unsere Rechnungen sind zahlbar und f\u00e4llig nach Erhalt.<\/li>\n<\/ul>\n<\/li>\n<li><strong>Gerichtsstand<\/strong>\n<ul style=\"list-style-type:none;\">\n<li>Gerichtsstand f\u00fcr alle Streitigkeiten aus diesem Vertrage oder \u00fcber seine G\u00fcltigkeit ist ohne R\u00fccksicht auf die H\u00f6he des Streitgegenstandes das Amtsgericht Wermelskirchen.<\/li>\n<\/ul>\n<\/li>\n<li><strong>Nichtteilnahme an der Verbraucherschlichtung<\/strong>\n<ul style=\"list-style-type:none;\">\n<li>Die Rombach oHG beteiligt sich nicht an Verbraucherschlichtungsverfahren nach dem Verbraucherstreitbeilegungsgesetz.<\/li>\n<\/ul>\n<\/li>\n<\/ol>\n<\/div><\/section><\/p><\/div>\n","protected":false},"excerpt":{"rendered":"","protected":false},"author":1,"featured_media":0,"parent":0,"menu_order":0,"comment_status":"closed","ping_status":"closed","template":"","meta":{"footnotes":""},"class_list":["post-698","page","type-page","status-publish","hentry"],"_links":{"self":[{"href":"https:\/\/www.geruestbau-rombach.de\/index.php?rest_route=\/wp\/v2\/pages\/698","targetHints":{"allow":["GET"]}}],"collection":[{"href":"https:\/\/www.geruestbau-rombach.de\/index.php?rest_route=\/wp\/v2\/pages"}],"about":[{"href":"https:\/\/www.geruestbau-rombach.de\/index.php?rest_route=\/wp\/v2\/types\/page"}],"author":[{"embeddable":true,"href":"https:\/\/www.geruestbau-rombach.de\/index.php?rest_route=\/wp\/v2\/users\/1"}],"replies":[{"embeddable":true,"href":"https:\/\/www.geruestbau-rombach.de\/index.php?rest_route=%2Fwp%2Fv2%2Fcomments&post=698"}],"version-history":[{"count":2,"href":"https:\/\/www.geruestbau-rombach.de\/index.php?rest_route=\/wp\/v2\/pages\/698\/revisions"}],"predecessor-version":[{"id":729,"href":"https:\/\/www.geruestbau-rombach.de\/index.php?rest_route=\/wp\/v2\/pages\/698\/revisions\/729"}],"wp:attachment":[{"href":"https:\/\/www.geruestbau-rombach.de\/index.php?rest_route=%2Fwp%2Fv2%2Fmedia&parent=698"}],"curies":[{"name":"wp","href":"https:\/\/api.w.org\/{rel}","templated":true}]}}